{"id":60,"date":"2022-09-22T10:12:29","date_gmt":"2022-09-22T10:12:29","guid":{"rendered":"https:\/\/www.oscasistemas.com\/?page_id=60"},"modified":"2022-09-22T10:12:29","modified_gmt":"2022-09-22T10:12:29","slug":"aviso-legal","status":"publish","type":"page","link":"https:\/\/www.oscasistemas.com\/en\/aviso-legal\/","title":{"rendered":"Aviso legal"},"content":{"rendered":"<p class=\"content-contact\">En cumplimiento del art. 10 de la Ley 34\/2002, de 11 de julio, de Servicios de la Sociedad de la Informaci\u00f3n y de Comercio Electr\u00f3nico (LSSI+CE), se le informa:<\/p>\n<p class=\"content-contact\">La empresa titular de la p\u00e1gina www.oscasistemas.com es:<\/p>\n<p class=\"content-contact\">OSCA SISTEMAS S.L.U.<\/p>\n<p class=\"content-contact\">C\/ Ganader\u00eda, 25, 22006, Huesca (Spain)<\/p>\n<p class=\"content-contact\"><a href=\"tel: 34974239060\">+34 974 239 060<\/a><\/p>\n<p class=\"content-contact\">CIF: B22161764<\/p>\n<p class=\"content-contact\"><a href=\"mailto:info@oscasistemas.com\">info@oscasistemas.com<\/a><\/p>\n<p class=\"content-contact\">C.I.F.: B-22161764<\/p>\n<p class=\"content-contact\">Inscrita en el R. M., tomo 239, libro 85, folio 205, hoja HU2147. Inscripci\u00f3n 1\u00aa.<\/p>\n<p class=\"content-contact\">El presente Aviso Legal se encuentra redactado en idioma Castellano.<\/p>\n<h2>Sus datos<\/h2>\n<p>La informaci\u00f3n o datos personales que el usuario facilite ser\u00e1n tratados con arreglo a lo establecido en las Pol\u00edticas de Protecci\u00f3n de Datos. Al hacer uso de esta p\u00e1gina web el usuario consiente el tratamiento de dicha informaci\u00f3n y datos y declara que toda la informaci\u00f3n o datos que sean facilitados son veraces y se corresponden con la realidad.<\/p>\n<h2>Privacidad\/protecci\u00f3n de datos personales<\/h2>\n<p>OSCA SISTEMAS S.L.U. cumple con las directrices Reglamento General de Protecci\u00f3n de datos (Reglamento (UE) 2016\/679) y dem\u00e1s normativa vigente en cada momento, y vela por garantizar un correcto uso y tratamiento de los datos personales del usuario.<\/p>\n<p>\u221aPara ello, junto a cada formulario de recabo de datos de car\u00e1cter personal, en los servicios que el usuario pueda solicitar a Nombre de la empresa creadora del sitio web , har\u00e1 saber al usuario de la existencia y aceptaci\u00f3n de las condiciones particulares<br \/>\ndel tratamiento de sus datos en cada caso, inform\u00e1ndole de la responsabilidad del fichero creado, la direcci\u00f3n del responsable, la posibilidad de ejercer sus derechos de acceso, rectificaci\u00f3n, cancelaci\u00f3n u oposici\u00f3n, la finalidad del tratamiento y las comunicaciones de datos a terceros en su caso.<\/p>\n<h2>Obligaciones del usuario<\/h2>\n<p>El usuario deber\u00e1 respetar en todo momento los t\u00e9rminos y condiciones establecidos por la p\u00e1gina web.<\/p>\n<p>El usuario utilizar\u00e1 la p\u00e1gina web de forma diligente y asumiendo cualquier responsabilidad que pudiera derivarse al incumplir los t\u00e9rminos y condiciones de la p\u00e1gina web.<\/p>\n<p>El usuario no podr\u00e1 utilizar la p\u00e1gina web para transmitir, almacenar, divulgar, promover o distribuir datos o contenidos que sean portadores de virus o cualquier otro c\u00f3digo inform\u00e1tico, archivos o programas dise\u00f1ados para interrumpir, destruir o perjudicar el funcionamiento de cualquier programa o equipo inform\u00e1tico o de telecomunicaciones.<\/p>\n<h2>Propiedad industrial e intelectual<\/h2>\n<p>OSCA SISTEMAS S.L.U. por s\u00ed o como cesionaria, es titular de todos los derechos de propiedad intelectual e industrial de su p\u00e1gina web, as\u00ed como de los elementos contenidos en la misma (a t\u00edtulo enunciativo, im\u00e1genes, sonido, audio, v\u00eddeo, software o textos; marcas o logotipos, combinaciones de colores, estructura y dise\u00f1o, selecci\u00f3n de materiales usados, programas de ordenador necesarios para su funcionamiento, acceso y uso, etc.), titularidad de OSCA SISTEMAS, S.L.U. o bien de sus licenciantes.<\/p>\n<p>En virtud de lo dispuesto en los art\u00edculos 8 y 32.1, p\u00e1rrafo segundo, de la Ley de Propiedad Intelectual, quedan expresamente prohibidas la reproducci\u00f3n, la distribuci\u00f3n y la comunicaci\u00f3n p\u00fablica, incluida su modalidad de puesta a disposici\u00f3n, de la totalidad o parte de los contenidos de esta p\u00e1gina web, con fines comerciales, en cualquier soporte y por cualquier medio t\u00e9cnico, sin la autorizaci\u00f3n de OSCA SISTEMAS S.L.U. Todos los derechos reservados.<\/p>\n<p>El USUARIO se compromete a respetar los derechos de Propiedad Intelectual e Industrial titularidad de OSCA SISTEMAS S.L.U. Podr\u00e1 visualizar los elementos del portal e incluso imprimirlos, copiarlos y almacenarlos en el disco duro de su ordenador o en cualquier otro soporte f\u00edsico siempre y cuando sea, \u00fanica y exclusivamente, para su uso personal y privado. El USUARIO deber\u00e1 abstenerse de suprimir, alterar, eludir o manipular cualquier dispositivo de protecci\u00f3n o sistema de seguridad que estuviera instalado en las p\u00e1ginas de OSCA SISTEMAS S.L.U.<\/p>\n<h2>Derecho de exclusi\u00f3n<\/h2>\n<p>OSCA SISTEMAS S.L.U. se reserva el derecho a denegar o retirar el acceso a portal y\/o los servicios ofrecidos sin necesidad de preaviso, a instancia propia o de un tercero, a aquellos usuarios que incumplan las Condiciones de Uso del portal.<\/p>\n<p>OSCA SISTEMAS S.L.U. perseguir\u00e1 el incumplimiento de las Condiciones de Uso del portal, as\u00ed como cualquier utilizaci\u00f3n indebida de su portal ejerciendo todas las acciones civiles y penales que le puedan corresponder en derecho.<\/p>\n<h2>Modificaciones y enlaces<\/h2>\n<p>OSCA SISTEMAS S.L.U. se reserva el derecho de efectuar sin previo aviso las modificaciones que considere oportunas en su sitio web, pudiendo cambiar, suprimir o a\u00f1adir tanto los contenidos y servicios que presta como la forma en la que \u00e9stos aparezcan presentados o localizados, as\u00ed como en las Condiciones Generales de Contrataci\u00f3n aqu\u00ed determinadas.<\/p>\n<p>OSCA SISTEMAS S.L.U. no se responsabiliza del mal uso que se realice de los contenidos de su p\u00e1gina web, siendo exclusiva responsabilidad de la persona que accede a ellos o los utiliza.<\/p>\n<p>En el caso de que en www.oscasistemas.com se dispusiesen enlaces o hiperv\u00ednculos hac\u00eda otros sitios de Internet, OSCA SISTEMAS S.L.U. creadora del sitio web no ejercer\u00e1 ning\u00fan tipo de control sobre dichos sitios y contenidos. En ning\u00fan caso OSCA SISTEMAS S.L.U. creadora del sitio web asumir\u00e1 responsabilidad alguna por los contenidos de alg\u00fan enlace perteneciente a un sitio web ajeno, ni garantizar\u00e1 la disponibilidad t\u00e9cnica, calidad, fiabilidad, exactitud, amplitud, veracidad, validez y constitucionalidad de cualquier material o informaci\u00f3n contenida en ninguno de dichos hiperv\u00ednculos u otros sitios de Internet. Igualmente, la inclusi\u00f3n de estas conexiones externas no implicar\u00e1 ning\u00fan tipo de asociaci\u00f3n, fusi\u00f3n o participaci\u00f3n con las entidades conectadas.<\/p>\n<h2>Ley aplicable y jurisdicci\u00f3n competente<\/h2>\n<p>Las condiciones de uso de la P\u00e1gina Web contenidas en este Aviso Legal, as\u00ed como las relaciones entre el usuario y OSCA SISTEMAS S.L.U., se regir\u00e1n e interpretar\u00e1n de acuerdo con las leyes espa\u00f1olas. Para la soluci\u00f3n de cualquier conflicto que pudiera suscitarse, el usuario y OSCA SISTEMAS S.L.U. se someten expresamente a la competencia y jurisdicci\u00f3n de los juzgados y tribunales de la ciudad de HUESCA, renunciando expresamente a cualquier otro fuero que pudiese corresponderles.<\/p>","protected":false},"excerpt":{"rendered":"<p>En cumplimiento del art. 10 de la Ley 34\/2002, de 11 de julio, de Servicios de la Sociedad de la Informaci\u00f3n y de Comercio Electr\u00f3nico (LSSI+CE), se le informa: La empresa titular de la p\u00e1gina www.oscasistemas.com es: OSCA SISTEMAS S.L.U. C\/ Ganader\u00eda, 25, 22006, Huesca (Spain) +34 974 239 060 CIF: B22161764 info@oscasistemas.com C.I.F.: B-22161764 [&hellip;]<\/p>","protected":false},"author":1,"featured_media":0,"parent":0,"menu_order":0,"comment_status":"closed","ping_status":"closed","template":"page_legal.php","meta":{"footnotes":""},"class_list":["post-60","page","type-page","status-publish","hentry"],"acf":[],"_links":{"self":[{"href":"https:\/\/www.oscasistemas.com\/en\/wp-json\/wp\/v2\/pages\/60","targetHints":{"allow":["GET"]}}],"collection":[{"href":"https:\/\/www.oscasistemas.com\/en\/wp-json\/wp\/v2\/pages"}],"about":[{"href":"https:\/\/www.oscasistemas.com\/en\/wp-json\/wp\/v2\/types\/page"}],"author":[{"embeddable":true,"href":"https:\/\/www.oscasistemas.com\/en\/wp-json\/wp\/v2\/users\/1"}],"replies":[{"embeddable":true,"href":"https:\/\/www.oscasistemas.com\/en\/wp-json\/wp\/v2\/comments?post=60"}],"version-history":[{"count":1,"href":"https:\/\/www.oscasistemas.com\/en\/wp-json\/wp\/v2\/pages\/60\/revisions"}],"predecessor-version":[{"id":61,"href":"https:\/\/www.oscasistemas.com\/en\/wp-json\/wp\/v2\/pages\/60\/revisions\/61"}],"wp:attachment":[{"href":"https:\/\/www.oscasistemas.com\/en\/wp-json\/wp\/v2\/media?parent=60"}],"curies":[{"name":"wp","href":"https:\/\/api.w.org\/{rel}","templated":true}]}}