{"id":62,"date":"2022-09-22T10:13:46","date_gmt":"2022-09-22T10:13:46","guid":{"rendered":"https:\/\/www.oscasistemas.com\/?page_id=62"},"modified":"2022-09-22T10:13:46","modified_gmt":"2022-09-22T10:13:46","slug":"condiciones-generales","status":"publish","type":"page","link":"https:\/\/www.oscasistemas.com\/en\/condiciones-generales\/","title":{"rendered":"Condiciones generales"},"content":{"rendered":"<ol>\n<li>Las mercanc\u00edas siempre viajan por cuenta y riesgo del comprador, siendo a su cargo la entrega y sus gastos.<\/li>\n<li>La r\u00fabrica del presente documento, sin observaci\u00f3n alguna, supone la aceptaci\u00f3n expresa del comprador sobre la mercanc\u00eda, entendi\u00e9ndose la recepci\u00f3n de la misma, su plena satisfacci\u00f3n de cantidad y calidad, por haber sido reconocidos y examinados previamente.<\/li>\n<li>Nuestros precios, concertados netos o de tarifa, no llevan incluidos los impuestos vigentes y se facturan aparte. Cualquier cambio en los actuales o la disposici\u00f3n de otros impuestos nuevos ser\u00e1n considerados como de cumplimiento sobre los precios, concertados o de tarifa<\/li>\n<li>OSCA SISTEMAS, S.L.U. no acepta sanciones o cargos por demora en la fecha de entrega prevista o comprometida con antelaci\u00f3n, ya que dependiendo de otros proveedores y de inesperadas circunstancias de fuerza mayor, ajenas a nosotros, no nos es posible comprometernos en el cumplimiento del plazo de entrega.<\/li>\n<li>Nuestros materiales y salvo acuerdo expreso, est\u00e1n garantizados por un periodo de SEIS MESES, a contar siempre desde la fecha de entrega, oblig\u00e1ndonos seg\u00fan nuestro criterio, a la simple reparaci\u00f3n, reposici\u00f3n o abono del material defectuoso, sin ninguna otra responsabilidad expl\u00edcita o impl\u00edcita.<\/li>\n<li>La garant\u00eda se entiende siempre con el material presumiblemente defectuoso depositado en las instalaciones de OSCA SISTEMAS, S.L.U. con los gastos del transporte y riesgo a cargo del comprador. Cualquier servicio de garant\u00eda fuera de OSCA SISTEMAS, S.L.U., se limitar\u00e1 a la reposici\u00f3n o reparaci\u00f3n de la pieza defectuosa sin cargo, pero se cobrar\u00e1 la mano de obra, desplazamientos, dietas y el posible transporte del material.<\/li>\n<li>OSCA SISTEMAS, S.L.U. no responde, en caso alguno del uso o montaje defectuoso de sus productos, de las aver\u00edas o desperfectos causados por agentes externos, ni de cualquier otra causa o accidente ajeno a su control.<\/li>\n<li>No se admitir\u00e1n devoluciones de materiales transcurridos 30 d\u00edas naturales de la fecha del albar\u00e1n emitido por OSCA SISTEMAS, S.L.U.<\/li>\n<li>El contrato de compraventa que documentan nuestras facturas y albaranes no se perfeccionar\u00e1 hasta que el comprador no haya realizado el pago del precio fijado, por lo que seguir\u00e1 siendo OSCA SISTEMAS, S.L.U. la propietaria \u00fanica de todas las mercanc\u00edas durante el per\u00edodo que medie entre la entrega de las mismas y su completo pago.<\/li>\n<li>El comprador renuncia a cualquier fuero que pudiera corresponderle, someti\u00e9ndose expresamente a los Juzgados y Tribunales de Huesca. Las mercanc\u00edas siempre viajan por cuenta y riesgo del comprador, siendo a su cargo la entrega y sus gastos.<\/li>\n<li>La r\u00fabrica del presente documento sin observaci\u00f3n alguna, supone la aceptaci\u00f3n expresa del comprador sobre la mercanc\u00eda, entendi\u00e9ndose la recepci\u00f3n de la misma su plena satisfacci\u00f3n de cantidad y calidad, por haber sido reconocidos y examinados previamente.<\/li>\n<li>Nuestros precios, concertados netos o de tarifa, no llevan incluidos los impuestos vigentes y se facturan aparte. Cualquier cambio en los actuales o la disposici\u00f3n de otros impuestos nuevos ser\u00e1n considerados como de cumplimiento sobre los precios, concertados o de tarifa.<\/li>\n<li>OSCA SISTEMAS, S.L.U. no acepta sanciones o cargos por demora en la fecha de entrega prevista o comprometida con antelaci\u00f3n, ya que dependiendo de otros proveedores y de inesperadas circunstancias de fuerza mayor, ajenas a nosotros, no nos es posible comprometernos en el cumplimiento del plazo de entrega.<\/li>\n<li>Nuestros materiales y salvo acuerdo expreso, est\u00e1n garantizados por un periodo de SEIS MESES, a contar siempre desde la fecha de entrega, oblig\u00e1ndonos seg\u00fan nuestro criterio, a la simple reparaci\u00f3n, reposici\u00f3n o abono del material defectuoso, sin ninguna otra responsabilidad expl\u00edcita o impl\u00edcita.<\/li>\n<li>La garant\u00eda se entiende siempre con el material presumiblemente defectuoso depositado en las instalaciones de OSCA SISTEMAS, S.L.U. con los gastos del transporte y riesgo a cargo del comprador. Cualquier servicio de garant\u00eda fuera de OSCA SISTEMAS, S.L.U., se limitar\u00e1 a la reposici\u00f3n o reparaci\u00f3n de la pieza defectuosa sin cargo, pero se cobrar\u00e1 la mano de obra, desplazamientos, dietas y el posible transporte del material.<\/li>\n<li>OSCA SISTEMAS, S.L.U. no responde, en caso alguno del uso o montaje defectuoso de sus productos, de las aver\u00edas o desperfectos causados por agentes externos, ni de cualquier otra causa o accidente ajeno a su control.<\/li>\n<li>No se admitir\u00e1n devoluciones de materiales transcurridos 30 d\u00edas naturales de la fecha del albar\u00e1n emitido por OSCA SISTEMAS, S.L.U.<\/li>\n<li>El contrato de compraventa que documentan nuestras facturas y albaranes no se perfeccionar\u00e1 hasta que el comprador no haya realizado el pago del precio fijado, por lo que seguir\u00e1 siendo OSCA SISTEMAS, S.L.U. la propietaria \u00fanica de todas las mercanc\u00edas durante el per\u00edodo que medie entre la entrega de las mismas y su completo pago.<\/li>\n<li>El comprador renuncia a cualquier fuero que pudiera corresponderle, someti\u00e9ndose expresamente a los Juzgados y Tribunales de Huesca.<\/li>\n<\/ol>","protected":false},"excerpt":{"rendered":"<p>Las mercanc\u00edas siempre viajan por cuenta y riesgo del comprador, siendo a su cargo la entrega y sus gastos. La r\u00fabrica del presente documento, sin observaci\u00f3n alguna, supone la aceptaci\u00f3n expresa del comprador sobre la mercanc\u00eda, entendi\u00e9ndose la recepci\u00f3n de la misma, su plena satisfacci\u00f3n de cantidad y calidad, por haber sido reconocidos y examinados [&hellip;]<\/p>","protected":false},"author":1,"featured_media":0,"parent":0,"menu_order":0,"comment_status":"closed","ping_status":"closed","template":"page_legal.php","meta":{"footnotes":""},"class_list":["post-62","page","type-page","status-publish","hentry"],"acf":[],"_links":{"self":[{"href":"https:\/\/www.oscasistemas.com\/en\/wp-json\/wp\/v2\/pages\/62","targetHints":{"allow":["GET"]}}],"collection":[{"href":"https:\/\/www.oscasistemas.com\/en\/wp-json\/wp\/v2\/pages"}],"about":[{"href":"https:\/\/www.oscasistemas.com\/en\/wp-json\/wp\/v2\/types\/page"}],"author":[{"embeddable":true,"href":"https:\/\/www.oscasistemas.com\/en\/wp-json\/wp\/v2\/users\/1"}],"replies":[{"embeddable":true,"href":"https:\/\/www.oscasistemas.com\/en\/wp-json\/wp\/v2\/comments?post=62"}],"version-history":[{"count":1,"href":"https:\/\/www.oscasistemas.com\/en\/wp-json\/wp\/v2\/pages\/62\/revisions"}],"predecessor-version":[{"id":63,"href":"https:\/\/www.oscasistemas.com\/en\/wp-json\/wp\/v2\/pages\/62\/revisions\/63"}],"wp:attachment":[{"href":"https:\/\/www.oscasistemas.com\/en\/wp-json\/wp\/v2\/media?parent=62"}],"curies":[{"name":"wp","href":"https:\/\/api.w.org\/{rel}","templated":true}]}}